{"id":1686,"date":"2026-02-19T15:36:05","date_gmt":"2026-02-19T15:36:05","guid":{"rendered":"https:\/\/www.theatredesreves.com\/?page_id=1686"},"modified":"2026-04-16T17:51:18","modified_gmt":"2026-04-16T17:51:18","slug":"programmation","status":"publish","type":"page","link":"https:\/\/www.theatredesreves.com\/?page_id=1686","title":{"rendered":"PROGRAMMATION"},"content":{"rendered":"\t\t<div data-elementor-type=\"wp-page\" data-elementor-id=\"1686\" class=\"elementor elementor-1686\" data-elementor-post-type=\"page\">\n\t\t\t\t<div class=\"elementor-element elementor-element-6049d58e e-con-full e-flex e-con e-parent\" data-id=\"6049d58e\" data-element_type=\"container\" data-e-type=\"container\">\n\t\t\t\t<div class=\"elementor-element elementor-element-9305f7b elementor-widget elementor-widget-spacer\" data-id=\"9305f7b\" data-element_type=\"widget\" data-e-type=\"widget\" data-widget_type=\"spacer.default\">\n\t\t\t\t\t\t\t<div class=\"elementor-spacer\">\n\t\t\t<div class=\"elementor-spacer-inner\"><\/div>\n\t\t<\/div>\n\t\t\t\t\t\t<\/div>\n\t\t\t\t<div class=\"elementor-element elementor-element-533299cd elementor-widget elementor-widget-heading\" data-id=\"533299cd\" data-element_type=\"widget\" data-e-type=\"widget\" data-widget_type=\"heading.default\">\n\t\t\t\t\t<h1 class=\"elementor-heading-title elementor-size-default\">PROGRAMMATION<\/h1>\t\t\t\t<\/div>\n\t\t\t\t<div class=\"elementor-element elementor-element-ee6f8a7 elementor-widget elementor-widget-heading\" data-id=\"ee6f8a7\" data-element_type=\"widget\" data-e-type=\"widget\" data-widget_type=\"heading.default\">\n\t\t\t\t\t<h1 class=\"elementor-heading-title elementor-size-default\">(clic sur l'affiche pour plus d'infos)\n\n<\/h1>\t\t\t\t<\/div>\n\t\t\t\t<div class=\"elementor-element elementor-element-b544a1e elementor-widget elementor-widget-spacer\" data-id=\"b544a1e\" data-element_type=\"widget\" data-e-type=\"widget\" data-widget_type=\"spacer.default\">\n\t\t\t\t\t\t\t<div class=\"elementor-spacer\">\n\t\t\t<div class=\"elementor-spacer-inner\"><\/div>\n\t\t<\/div>\n\t\t\t\t\t\t<\/div>\n\t\t\t\t<div class=\"elementor-element elementor-element-f678f68 elementor-widget__width-initial elementor-widget elementor-widget-heading\" data-id=\"f678f68\" data-element_type=\"widget\" data-e-type=\"widget\" data-widget_type=\"heading.default\">\n\t\t\t\t\t<h1 class=\"elementor-heading-title elementor-size-default\">Pour cette premi\u00e8re saison explosive et r\u00e9solument ouverte sur le monde, pr\u00e9parez-vous \u00e0 vivre des moments uniques, riche en \u00e9motions, en d\u00e9couvertes et en rencontres, avec des talents qui transcendent les fronti\u00e8res. \n<\/h1>\t\t\t\t<\/div>\n\t\t\t\t<div class=\"elementor-element elementor-element-af9c7a9 elementor-widget elementor-widget-spacer\" data-id=\"af9c7a9\" data-element_type=\"widget\" data-e-type=\"widget\" data-widget_type=\"spacer.default\">\n\t\t\t\t\t\t\t<div class=\"elementor-spacer\">\n\t\t\t<div class=\"elementor-spacer-inner\"><\/div>\n\t\t<\/div>\n\t\t\t\t\t\t<\/div>\n\t\t\t\t<\/div>\n\t\t<div class=\"elementor-element elementor-element-4823d1f e-con-full e-flex e-con e-parent\" data-id=\"4823d1f\" data-element_type=\"container\" data-e-type=\"container\">\n\t\t\t\t<div class=\"elementor-element elementor-element-6d9622c7 elementor-widget elementor-widget-gallery\" data-id=\"6d9622c7\" data-element_type=\"widget\" data-e-type=\"widget\" data-settings=\"{&quot;columns&quot;:2,&quot;gap&quot;:{&quot;unit&quot;:&quot;px&quot;,&quot;size&quot;:14,&quot;sizes&quot;:[]},&quot;lazyload&quot;:&quot;yes&quot;,&quot;gallery_layout&quot;:&quot;grid&quot;,&quot;columns_tablet&quot;:2,&quot;columns_mobile&quot;:1,&quot;gap_tablet&quot;:{&quot;unit&quot;:&quot;px&quot;,&quot;size&quot;:10,&quot;sizes&quot;:[]},&quot;gap_mobile&quot;:{&quot;unit&quot;:&quot;px&quot;,&quot;size&quot;:10,&quot;sizes&quot;:[]},&quot;link_to&quot;:&quot;file&quot;,&quot;aspect_ratio&quot;:&quot;3:2&quot;,&quot;overlay_background&quot;:&quot;yes&quot;,&quot;content_hover_animation&quot;:&quot;fade-in&quot;}\" data-widget_type=\"gallery.default\">\n\t\t\t\t\t\t\t<div class=\"elementor-gallery__container\">\n\t\t\t\t\t<\/div>\n\t\t\t\t\t<\/div>\n\t\t\t\t<\/div>\n\t\t<div class=\"elementor-element elementor-element-2ac76e1 e-flex e-con-boxed e-con e-parent\" data-id=\"2ac76e1\" data-element_type=\"container\" data-e-type=\"container\">\n\t\t\t\t\t<div class=\"e-con-inner\">\n\t\t<div class=\"elementor-element elementor-element-6e9fba0 e-con-full e-flex e-con e-child\" data-id=\"6e9fba0\" data-element_type=\"container\" data-e-type=\"container\">\n\t\t\t\t<div class=\"elementor-element elementor-element-32611878 elementor-invisible elementor-widget elementor-widget-image\" data-id=\"32611878\" data-element_type=\"widget\" data-e-type=\"widget\" data-settings=\"{&quot;motion_fx_motion_fx_mouse&quot;:&quot;yes&quot;,&quot;_animation&quot;:&quot;fadeIn&quot;}\" data-widget_type=\"image.default\">\n\t\t\t\t\t\t\t\t\t\t\t\t\t\t\t\t<a href=\"https:\/\/www.theatredesreves.com\/?p=2817\" target=\"_blank\">\n\t\t\t\t\t\t\t<img decoding=\"async\" src=\"https:\/\/www.theatredesreves.com\/wp-content\/uploads\/elementor\/thumbs\/Affiche-Chahut-A2-scaled-e1776080738873-rly1o43mnj5tja7etl2g1hdgvovu0a5bzwe1jaa4ii.jpg\" title=\"CHAHUT!\" alt=\"CHAHUT!\" loading=\"lazy\" \/>\t\t\t\t\t\t\t\t<\/a>\n\t\t\t\t\t\t\t\t\t\t\t\t\t\t\t<\/div>\n\t\t\t\t<div class=\"elementor-element elementor-element-d2f26da elementor-widget elementor-widget-spacer\" data-id=\"d2f26da\" data-element_type=\"widget\" data-e-type=\"widget\" data-widget_type=\"spacer.default\">\n\t\t\t\t\t\t\t<div class=\"elementor-spacer\">\n\t\t\t<div class=\"elementor-spacer-inner\"><\/div>\n\t\t<\/div>\n\t\t\t\t\t\t<\/div>\n\t\t\t\t<\/div>\n\t\t<div class=\"elementor-element elementor-element-555095b e-con-full e-flex e-con e-child\" data-id=\"555095b\" data-element_type=\"container\" data-e-type=\"container\">\n\t\t\t\t<div class=\"elementor-element elementor-element-a834235 elementor-invisible elementor-widget elementor-widget-image\" data-id=\"a834235\" data-element_type=\"widget\" data-e-type=\"widget\" data-settings=\"{&quot;motion_fx_motion_fx_mouse&quot;:&quot;yes&quot;,&quot;_animation&quot;:&quot;fadeIn&quot;}\" data-widget_type=\"image.default\">\n\t\t\t\t\t\t\t\t\t\t\t\t\t\t\t\t<a href=\"https:\/\/www.theatredesreves.com\/?p=2530\" target=\"_blank\">\n\t\t\t\t\t\t\t<img decoding=\"async\" src=\"https:\/\/www.theatredesreves.com\/wp-content\/uploads\/elementor\/thumbs\/A3_Caroline_Marx_pleins_format_avec-Phrase-1448x2048-1-rlrpqdrhxo4tcfhlj41xeo4u23w2fuynharvbn01ne.jpg\" title=\"A3_Caroline_Marx_pleins_format_avec-Phrase-1448&#215;2048\" alt=\"A3_Caroline_Marx_pleins_format_avec-Phrase-1448x2048\" loading=\"lazy\" \/>\t\t\t\t\t\t\t\t<\/a>\n\t\t\t\t\t\t\t\t\t\t\t\t\t\t\t<\/div>\n\t\t\t\t<div class=\"elementor-element elementor-element-38d0c28 elementor-widget elementor-widget-spacer\" data-id=\"38d0c28\" data-element_type=\"widget\" data-e-type=\"widget\" data-widget_type=\"spacer.default\">\n\t\t\t\t\t\t\t<div class=\"elementor-spacer\">\n\t\t\t<div class=\"elementor-spacer-inner\"><\/div>\n\t\t<\/div>\n\t\t\t\t\t\t<\/div>\n\t\t\t\t<\/div>\n\t\t\t\t\t<\/div>\n\t\t\t\t<\/div>\n\t\t<div class=\"elementor-element elementor-element-592df79 e-flex e-con-boxed e-con e-parent\" data-id=\"592df79\" data-element_type=\"container\" data-e-type=\"container\">\n\t\t\t\t\t<div class=\"e-con-inner\">\n\t\t<div class=\"elementor-element elementor-element-a93e961 e-con-full e-flex e-con e-child\" data-id=\"a93e961\" data-element_type=\"container\" data-e-type=\"container\">\n\t\t\t\t<div class=\"elementor-element elementor-element-620de2b elementor-widget elementor-widget-image\" data-id=\"620de2b\" data-element_type=\"widget\" data-e-type=\"widget\" data-widget_type=\"image.default\">\n\t\t\t\t\t\t\t\t\t\t\t\t\t\t\t\t<a href=\"https:\/\/www.theatredesreves.com\/?p=2298\" target=\"_blank\">\n\t\t\t\t\t\t\t<img decoding=\"async\" src=\"https:\/\/www.theatredesreves.com\/wp-content\/uploads\/elementor\/thumbs\/Vignette-IMMO-epure-sept2024-500pix-rkiiyjcmgwn86sqo92gr3jw85vmlbhk3d6hfje749m.jpg\" title=\"IMMO\" alt=\"IMMO\" loading=\"lazy\" \/>\t\t\t\t\t\t\t\t<\/a>\n\t\t\t\t\t\t\t\t\t\t\t\t\t\t\t<\/div>\n\t\t\t\t<\/div>\n\t\t<div class=\"elementor-element elementor-element-4420ac6 e-con-full e-flex e-con e-child\" data-id=\"4420ac6\" data-element_type=\"container\" data-e-type=\"container\">\n\t\t\t\t<div class=\"elementor-element elementor-element-16bcd36 elementor-widget elementor-widget-image\" data-id=\"16bcd36\" data-element_type=\"widget\" data-e-type=\"widget\" data-widget_type=\"image.default\">\n\t\t\t\t\t\t\t\t\t\t\t\t\t\t\t\t<a href=\"https:\/\/www.theatredesreves.com\/?p=2535\" target=\"_blank\">\n\t\t\t\t\t\t\t<img decoding=\"async\" src=\"https:\/\/www.theatredesreves.com\/wp-content\/uploads\/elementor\/thumbs\/AFFICHE-CYRANO-NEW-VERSION-jpeg-rknhoiqf1wa6dz0sb6y3cyjhg7cf2m0vafsflugti2.jpg\" title=\"AFFICHE CYRANO NEW VERSION jpeg\" alt=\"AFFICHE CYRANO NEW VERSION jpeg\" loading=\"lazy\" \/>\t\t\t\t\t\t\t\t<\/a>\n\t\t\t\t\t\t\t\t\t\t\t\t\t\t\t<\/div>\n\t\t\t\t<\/div>\n\t\t\t\t\t<\/div>\n\t\t\t\t<\/div>\n\t\t<div class=\"elementor-element elementor-element-c9aaa2a e-flex e-con-boxed e-con e-parent\" data-id=\"c9aaa2a\" data-element_type=\"container\" data-e-type=\"container\">\n\t\t\t\t\t<div class=\"e-con-inner\">\n\t\t<div class=\"elementor-element elementor-element-6a871c1 e-con-full e-flex e-con e-child\" data-id=\"6a871c1\" data-element_type=\"container\" data-e-type=\"container\">\n\t\t\t\t<div class=\"elementor-element elementor-element-f9ba084 elementor-widget elementor-widget-spacer\" data-id=\"f9ba084\" data-element_type=\"widget\" data-e-type=\"widget\" data-widget_type=\"spacer.default\">\n\t\t\t\t\t\t\t<div class=\"elementor-spacer\">\n\t\t\t<div class=\"elementor-spacer-inner\"><\/div>\n\t\t<\/div>\n\t\t\t\t\t\t<\/div>\n\t\t\t\t<div class=\"elementor-element elementor-element-e9f8325 elementor-widget elementor-widget-image\" data-id=\"e9f8325\" data-element_type=\"widget\" data-e-type=\"widget\" data-widget_type=\"image.default\">\n\t\t\t\t\t\t\t\t\t\t\t\t\t\t\t\t<a href=\"https:\/\/www.theatredesreves.com\/?p=2318\">\n\t\t\t\t\t\t\t<img decoding=\"async\" src=\"https:\/\/www.theatredesreves.com\/wp-content\/uploads\/elementor\/thumbs\/Moustache-island-500pixels-rkijnrcpuv67q43qyyyd06ri03b5v3osu0oh4ostay.jpg\" title=\"MOUSTACHE ISLAND\" alt=\"MOUSTACHE ISLAND\" loading=\"lazy\" \/>\t\t\t\t\t\t\t\t<\/a>\n\t\t\t\t\t\t\t\t\t\t\t\t\t\t\t<\/div>\n\t\t\t\t<\/div>\n\t\t<div class=\"elementor-element elementor-element-fd7593c e-con-full e-flex e-con e-child\" data-id=\"fd7593c\" data-element_type=\"container\" data-e-type=\"container\">\n\t\t\t\t<div class=\"elementor-element elementor-element-f7771a4 elementor-widget elementor-widget-spacer\" data-id=\"f7771a4\" data-element_type=\"widget\" data-e-type=\"widget\" data-widget_type=\"spacer.default\">\n\t\t\t\t\t\t\t<div class=\"elementor-spacer\">\n\t\t\t<div class=\"elementor-spacer-inner\"><\/div>\n\t\t<\/div>\n\t\t\t\t\t\t<\/div>\n\t\t\t\t<div class=\"elementor-element elementor-element-990f0f1 elementor-widget elementor-widget-image\" data-id=\"990f0f1\" data-element_type=\"widget\" data-e-type=\"widget\" data-widget_type=\"image.default\">\n\t\t\t\t\t\t\t\t\t\t\t\t\t\t\t\t<a href=\"https:\/\/www.theatredesreves.com\/?p=2550\" target=\"_blank\">\n\t\t\t\t\t\t\t<img decoding=\"async\" src=\"https:\/\/www.theatredesreves.com\/wp-content\/uploads\/elementor\/thumbs\/Capture-decran-2026-03-14-a-23.53.16-rkimsw7eg01n4hrpcdgtm4zrynolbltqpzfdkn1ye2.png\" title=\"Capture d\u2019e\u0301cran 2026-03-14 a\u0300 23.53.16\" alt=\"Capture d\u2019e\u0301cran 2026-03-14 a\u0300 23.53.16\" loading=\"lazy\" \/>\t\t\t\t\t\t\t\t<\/a>\n\t\t\t\t\t\t\t\t\t\t\t\t\t\t\t<\/div>\n\t\t\t\t<\/div>\n\t\t\t\t\t<\/div>\n\t\t\t\t<\/div>\n\t\t<div class=\"elementor-element elementor-element-03c4a9a e-flex e-con-boxed e-con e-parent\" data-id=\"03c4a9a\" data-element_type=\"container\" data-e-type=\"container\">\n\t\t\t\t\t<div class=\"e-con-inner\">\n\t\t<div class=\"elementor-element elementor-element-ce481ca e-con-full e-flex e-con e-child\" data-id=\"ce481ca\" data-element_type=\"container\" data-e-type=\"container\">\n\t\t\t\t<div class=\"elementor-element elementor-element-7a78495 elementor-widget elementor-widget-spacer\" data-id=\"7a78495\" data-element_type=\"widget\" data-e-type=\"widget\" data-widget_type=\"spacer.default\">\n\t\t\t\t\t\t\t<div class=\"elementor-spacer\">\n\t\t\t<div class=\"elementor-spacer-inner\"><\/div>\n\t\t<\/div>\n\t\t\t\t\t\t<\/div>\n\t\t\t\t<div class=\"elementor-element elementor-element-68c9dbf elementor-widget elementor-widget-image\" data-id=\"68c9dbf\" data-element_type=\"widget\" data-e-type=\"widget\" data-widget_type=\"image.default\">\n\t\t\t\t\t\t\t\t\t\t\t\t\t\t\t\t<a href=\"https:\/\/www.theatredesreves.com\/?p=2545\" target=\"_blank\">\n\t\t\t\t\t\t\t<img decoding=\"async\" src=\"https:\/\/www.theatredesreves.com\/wp-content\/uploads\/elementor\/thumbs\/AlmaVeda-Live-Pochette-rkilzpbu7827vk5qan78duff93vxd5z259trzujn26.jpg\" title=\"AlmaVeda Live Pochette\" alt=\"AlmaVeda Live Pochette\" loading=\"lazy\" \/>\t\t\t\t\t\t\t\t<\/a>\n\t\t\t\t\t\t\t\t\t\t\t\t\t\t\t<\/div>\n\t\t\t\t<\/div>\n\t\t<div class=\"elementor-element elementor-element-9500afd e-con-full e-flex e-con e-child\" data-id=\"9500afd\" data-element_type=\"container\" data-e-type=\"container\">\n\t\t\t\t<div class=\"elementor-element elementor-element-11e7a13 elementor-widget elementor-widget-spacer\" data-id=\"11e7a13\" data-element_type=\"widget\" data-e-type=\"widget\" data-widget_type=\"spacer.default\">\n\t\t\t\t\t\t\t<div class=\"elementor-spacer\">\n\t\t\t<div class=\"elementor-spacer-inner\"><\/div>\n\t\t<\/div>\n\t\t\t\t\t\t<\/div>\n\t\t\t\t<div class=\"elementor-element elementor-element-8db6929 elementor-widget elementor-widget-image\" data-id=\"8db6929\" data-element_type=\"widget\" data-e-type=\"widget\" data-widget_type=\"image.default\">\n\t\t\t\t\t\t\t\t\t\t\t\t\t\t\t\t<a href=\"https:\/\/www.theatredesreves.com\/?p=2555\" target=\"_blank\">\n\t\t\t\t\t\t\t<img decoding=\"async\" src=\"https:\/\/www.theatredesreves.com\/wp-content\/uploads\/elementor\/thumbs\/My-project-1-4-copie-4-rkimx96g5bzoahf9dnatvvmql8il48653c4poesqym.png\" title=\"My project-1-4 copie 4\" alt=\"My project-1-4 copie 4\" loading=\"lazy\" \/>\t\t\t\t\t\t\t\t<\/a>\n\t\t\t\t\t\t\t\t\t\t\t\t\t\t\t<\/div>\n\t\t\t\t<\/div>\n\t\t\t\t\t<\/div>\n\t\t\t\t<\/div>\n\t\t<div class=\"elementor-element elementor-element-92ef8de e-flex e-con-boxed e-con e-parent\" data-id=\"92ef8de\" data-element_type=\"container\" data-e-type=\"container\">\n\t\t\t\t\t<div class=\"e-con-inner\">\n\t\t\t\t<div class=\"elementor-element elementor-element-1832f52 elementor-widget elementor-widget-spacer\" data-id=\"1832f52\" data-element_type=\"widget\" data-e-type=\"widget\" data-widget_type=\"spacer.default\">\n\t\t\t\t\t\t\t<div class=\"elementor-spacer\">\n\t\t\t<div class=\"elementor-spacer-inner\"><\/div>\n\t\t<\/div>\n\t\t\t\t\t\t<\/div>\n\t\t\t\t<div class=\"elementor-element elementor-element-6fffdc9 elementor-widget elementor-widget-image\" data-id=\"6fffdc9\" data-element_type=\"widget\" data-e-type=\"widget\" data-widget_type=\"image.default\">\n\t\t\t\t\t\t\t\t\t\t\t\t\t\t\t\t<a href=\"https:\/\/www.theatredesreves.com\/?p=2540\" target=\"_blank\">\n\t\t\t\t\t\t\t<img fetchpriority=\"high\" decoding=\"async\" width=\"275\" height=\"345\" src=\"https:\/\/www.theatredesreves.com\/wp-content\/uploads\/2026\/03\/monsieur-malossene-affiche-e1775930400370.jpeg\" class=\"attachment-large size-large wp-image-2181\" alt=\"\" \/>\t\t\t\t\t\t\t\t<\/a>\n\t\t\t\t\t\t\t\t\t\t\t\t\t\t\t<\/div>\n\t\t\t\t<div class=\"elementor-element elementor-element-e7b2429 elementor-widget elementor-widget-spacer\" data-id=\"e7b2429\" data-element_type=\"widget\" data-e-type=\"widget\" data-widget_type=\"spacer.default\">\n\t\t\t\t\t\t\t<div class=\"elementor-spacer\">\n\t\t\t<div class=\"elementor-spacer-inner\"><\/div>\n\t\t<\/div>\n\t\t\t\t\t\t<\/div>\n\t\t\t\t\t<\/div>\n\t\t\t\t<\/div>\n\t\t\t\t<\/div>\n\t\t","protected":false},"excerpt":{"rendered":"<p>PROGRAMMATION (clic sur l&rsquo;affiche pour plus d&rsquo;infos) Pour cette premi\u00e8re saison explosive et r\u00e9solument ouverte sur le monde, pr\u00e9parez-vous \u00e0 vivre des moments uniques, riche en \u00e9motions, en d\u00e9couvertes et en rencontres, avec des talents qui transcendent les fronti\u00e8res.<\/p>\n","protected":false},"author":1,"featured_media":0,"parent":0,"menu_order":0,"comment_status":"closed","ping_status":"closed","template":"","meta":{"footnotes":""},"class_list":["post-1686","page","type-page","status-publish","hentry"],"_links":{"self":[{"href":"https:\/\/www.theatredesreves.com\/index.php?rest_route=\/wp\/v2\/pages\/1686","targetHints":{"allow":["GET"]}}],"collection":[{"href":"https:\/\/www.theatredesreves.com\/index.php?rest_route=\/wp\/v2\/pages"}],"about":[{"href":"https:\/\/www.theatredesreves.com\/index.php?rest_route=\/wp\/v2\/types\/page"}],"author":[{"embeddable":true,"href":"https:\/\/www.theatredesreves.com\/index.php?rest_route=\/wp\/v2\/users\/1"}],"replies":[{"embeddable":true,"href":"https:\/\/www.theatredesreves.com\/index.php?rest_route=%2Fwp%2Fv2%2Fcomments&post=1686"}],"version-history":[{"count":166,"href":"https:\/\/www.theatredesreves.com\/index.php?rest_route=\/wp\/v2\/pages\/1686\/revisions"}],"predecessor-version":[{"id":3062,"href":"https:\/\/www.theatredesreves.com\/index.php?rest_route=\/wp\/v2\/pages\/1686\/revisions\/3062"}],"wp:attachment":[{"href":"https:\/\/www.theatredesreves.com\/index.php?rest_route=%2Fwp%2Fv2%2Fmedia&parent=1686"}],"curies":[{"name":"wp","href":"https:\/\/api.w.org\/{rel}","templated":true}]}}