{"id":1599,"date":"2026-02-19T10:45:46","date_gmt":"2026-02-19T10:45:46","guid":{"rendered":"https:\/\/www.theatredesreves.com\/?page_id=1599"},"modified":"2026-04-12T10:41:52","modified_gmt":"2026-04-12T10:41:52","slug":"abonnements","status":"publish","type":"page","link":"https:\/\/www.theatredesreves.com\/?page_id=1599","title":{"rendered":"ABONNEMENTS"},"content":{"rendered":"\t\t<div data-elementor-type=\"wp-page\" data-elementor-id=\"1599\" class=\"elementor elementor-1599\" data-elementor-post-type=\"page\">\n\t\t\t\t<div class=\"elementor-element elementor-element-2779961 e-flex e-con-boxed e-con e-parent\" data-id=\"2779961\" data-element_type=\"container\" data-e-type=\"container\">\n\t\t\t\t\t<div class=\"e-con-inner\">\n\t\t<div class=\"elementor-element elementor-element-bd7a4f2 e-con-full e-flex e-con e-child\" data-id=\"bd7a4f2\" data-element_type=\"container\" data-e-type=\"container\">\n\t\t\t\t<div class=\"elementor-element elementor-element-03d283a elementor-widget elementor-widget-spacer\" data-id=\"03d283a\" data-element_type=\"widget\" data-e-type=\"widget\" data-widget_type=\"spacer.default\">\n\t\t\t\t\t\t\t<div class=\"elementor-spacer\">\n\t\t\t<div class=\"elementor-spacer-inner\"><\/div>\n\t\t<\/div>\n\t\t\t\t\t\t<\/div>\n\t\t\t\t<div class=\"elementor-element elementor-element-75d9649 elementor-widget elementor-widget-heading\" data-id=\"75d9649\" data-element_type=\"widget\" data-e-type=\"widget\" data-widget_type=\"heading.default\">\n\t\t\t\t\t<h2 class=\"elementor-heading-title elementor-size-default\">ABONNEMENTS<\/h2>\t\t\t\t<\/div>\n\t\t<div class=\"elementor-element elementor-element-6f1f428 e-con-full e-flex e-con e-child\" data-id=\"6f1f428\" data-element_type=\"container\" data-e-type=\"container\">\n\t\t\t\t<div class=\"elementor-element elementor-element-3deef73 elementor-widget elementor-widget-spacer\" data-id=\"3deef73\" data-element_type=\"widget\" data-e-type=\"widget\" data-widget_type=\"spacer.default\">\n\t\t\t\t\t\t\t<div class=\"elementor-spacer\">\n\t\t\t<div class=\"elementor-spacer-inner\"><\/div>\n\t\t<\/div>\n\t\t\t\t\t\t<\/div>\n\t\t<div class=\"elementor-element elementor-element-75e3442 e-con-full e-flex e-con e-child\" data-id=\"75e3442\" data-element_type=\"container\" data-e-type=\"container\">\n\t\t<div class=\"elementor-element elementor-element-087f7a0 e-con-full e-flex e-con e-child\" data-id=\"087f7a0\" data-element_type=\"container\" data-e-type=\"container\" data-settings=\"{&quot;background_background&quot;:&quot;classic&quot;,&quot;motion_fx_translateY_direction&quot;:&quot;negative&quot;,&quot;motion_fx_translateY_speed&quot;:{&quot;unit&quot;:&quot;px&quot;,&quot;size&quot;:3,&quot;sizes&quot;:[]},&quot;motion_fx_devices&quot;:[&quot;desktop&quot;],&quot;animation_tablet&quot;:&quot;fadeIn&quot;,&quot;motion_fx_motion_fx_scrolling&quot;:&quot;yes&quot;,&quot;motion_fx_translateY_effect&quot;:&quot;yes&quot;,&quot;motion_fx_translateY_affectedRange&quot;:{&quot;unit&quot;:&quot;%&quot;,&quot;size&quot;:&quot;&quot;,&quot;sizes&quot;:{&quot;start&quot;:0,&quot;end&quot;:50}}}\">\n\t\t\t\t<div class=\"elementor-element elementor-element-1af75c6 elementor-widget__width-auto elementor-invisible elementor-widget elementor-widget-image\" data-id=\"1af75c6\" data-element_type=\"widget\" data-e-type=\"widget\" data-settings=\"{&quot;_animation&quot;:&quot;bounce&quot;,&quot;_animation_delay&quot;:300}\" data-widget_type=\"image.default\">\n\t\t\t\t\t\t\t\t\t\t\t\t\t\t\t<img fetchpriority=\"high\" decoding=\"async\" width=\"476\" height=\"457\" src=\"https:\/\/www.theatredesreves.com\/wp-content\/uploads\/2025\/12\/theatredesreves_decouverte_abonnement.png\" class=\"elementor-animation-sink attachment-full size-full wp-image-678\" alt=\"\" srcset=\"https:\/\/www.theatredesreves.com\/wp-content\/uploads\/2025\/12\/theatredesreves_decouverte_abonnement.png 476w, https:\/\/www.theatredesreves.com\/wp-content\/uploads\/2025\/12\/theatredesreves_decouverte_abonnement-300x288.png 300w\" sizes=\"(max-width: 476px) 100vw, 476px\" \/>\t\t\t\t\t\t\t\t\t\t\t\t\t\t\t<\/div>\n\t\t\t\t<div class=\"elementor-element elementor-element-3a5fa8d elementor-widget elementor-widget-image-box\" data-id=\"3a5fa8d\" data-element_type=\"widget\" data-e-type=\"widget\" data-widget_type=\"image-box.default\">\n\t\t\t\t\t<div class=\"elementor-image-box-wrapper\"><div class=\"elementor-image-box-content\"><h4 class=\"elementor-image-box-title\">D\u00e9couverte<\/h4><p class=\"elementor-image-box-description\">Id\u00e9al pour les personnes qui souhaitent d\u00e9couvrir diff\u00e9rentes propositions artistiques r\u00e9guli\u00e8rement et au meilleur prix.<br>\n\u20ac15\/mois<br>Ce qui est inclus :<br>\nAcc\u00e8s \u00e0 1 proposition artistique par mois<\/p><\/div><\/div>\t\t\t\t<\/div>\n\t\t\t\t<\/div>\n\t\t<div class=\"elementor-element elementor-element-4f20686 e-con-full e-flex e-con e-child\" data-id=\"4f20686\" data-element_type=\"container\" data-e-type=\"container\" data-settings=\"{&quot;background_background&quot;:&quot;classic&quot;,&quot;motion_fx_translateY_speed&quot;:{&quot;unit&quot;:&quot;px&quot;,&quot;size&quot;:2,&quot;sizes&quot;:[]},&quot;motion_fx_devices&quot;:[&quot;desktop&quot;],&quot;animation_tablet&quot;:&quot;fadeIn&quot;,&quot;motion_fx_motion_fx_scrolling&quot;:&quot;yes&quot;,&quot;motion_fx_translateY_effect&quot;:&quot;yes&quot;,&quot;motion_fx_translateY_direction&quot;:&quot;negative&quot;,&quot;motion_fx_translateY_affectedRange&quot;:{&quot;unit&quot;:&quot;%&quot;,&quot;size&quot;:&quot;&quot;,&quot;sizes&quot;:{&quot;start&quot;:0,&quot;end&quot;:50}}}\">\n\t\t\t\t<div class=\"elementor-element elementor-element-9ca72a1 elementor-widget__width-auto elementor-invisible elementor-widget elementor-widget-image\" data-id=\"9ca72a1\" data-element_type=\"widget\" data-e-type=\"widget\" data-settings=\"{&quot;_animation&quot;:&quot;bounce&quot;,&quot;_animation_delay&quot;:600}\" data-widget_type=\"image.default\">\n\t\t\t\t\t\t\t\t\t\t\t\t\t\t\t<img decoding=\"async\" width=\"510\" height=\"499\" src=\"https:\/\/www.theatredesreves.com\/wp-content\/uploads\/2025\/12\/theatredesreves_passionne.png\" class=\"elementor-animation-sink attachment-large size-large wp-image-563\" alt=\"\" srcset=\"https:\/\/www.theatredesreves.com\/wp-content\/uploads\/2025\/12\/theatredesreves_passionne.png 510w, https:\/\/www.theatredesreves.com\/wp-content\/uploads\/2025\/12\/theatredesreves_passionne-300x294.png 300w\" sizes=\"(max-width: 510px) 100vw, 510px\" \/>\t\t\t\t\t\t\t\t\t\t\t\t\t\t\t<\/div>\n\t\t\t\t<div class=\"elementor-element elementor-element-ba6ed96 elementor-widget elementor-widget-image-box\" data-id=\"ba6ed96\" data-element_type=\"widget\" data-e-type=\"widget\" data-widget_type=\"image-box.default\">\n\t\t\t\t\t<div class=\"elementor-image-box-wrapper\"><div class=\"elementor-image-box-content\"><h4 class=\"elementor-image-box-title\">Passion<\/h4><p class=\"elementor-image-box-description\">Con\u00e7u pour les personnes passionn\u00e9es de culture qui souhaitent s'immerger davantage dans les arts.<br>\n\u20ac30\/mois<br>\nCe qui est inclus :<br>\n. Acc\u00e8s \u00e0 chaque spectacle, exposition, projection, concert, sc\u00e8ne ouverte, performance...<br>\n. Acc\u00e8s aux contenus priv\u00e9s du site internet<br>\n. Acc\u00e8s exclusif aux r\u00e9p\u00e9titions<br>. Participation \u00e0 la programmation du Th\u00e9\u00e2tre<\/p><\/div><\/div>\t\t\t\t<\/div>\n\t\t\t\t<\/div>\n\t\t<div class=\"elementor-element elementor-element-1b3123e e-con-full e-flex e-con e-child\" data-id=\"1b3123e\" data-element_type=\"container\" data-e-type=\"container\" data-settings=\"{&quot;background_background&quot;:&quot;classic&quot;,&quot;motion_fx_translateY_direction&quot;:&quot;negative&quot;,&quot;motion_fx_translateY_speed&quot;:{&quot;unit&quot;:&quot;px&quot;,&quot;size&quot;:1,&quot;sizes&quot;:[]},&quot;motion_fx_devices&quot;:[&quot;desktop&quot;],&quot;animation_tablet&quot;:&quot;fadeIn&quot;,&quot;motion_fx_motion_fx_scrolling&quot;:&quot;yes&quot;,&quot;motion_fx_translateY_effect&quot;:&quot;yes&quot;,&quot;motion_fx_translateY_affectedRange&quot;:{&quot;unit&quot;:&quot;%&quot;,&quot;size&quot;:&quot;&quot;,&quot;sizes&quot;:{&quot;start&quot;:0,&quot;end&quot;:50}}}\">\n\t\t\t\t<div class=\"elementor-element elementor-element-5497453 elementor-widget__width-auto elementor-invisible elementor-widget elementor-widget-image\" data-id=\"5497453\" data-element_type=\"widget\" data-e-type=\"widget\" data-settings=\"{&quot;_animation&quot;:&quot;bounce&quot;,&quot;_animation_delay&quot;:900}\" data-widget_type=\"image.default\">\n\t\t\t\t\t\t\t\t\t\t\t\t\t\t\t<img decoding=\"async\" width=\"502\" height=\"502\" src=\"https:\/\/www.theatredesreves.com\/wp-content\/uploads\/2025\/12\/theatredesreves_createur_abonnement.png\" class=\"elementor-animation-sink attachment-large size-large wp-image-679\" alt=\"\" srcset=\"https:\/\/www.theatredesreves.com\/wp-content\/uploads\/2025\/12\/theatredesreves_createur_abonnement.png 502w, https:\/\/www.theatredesreves.com\/wp-content\/uploads\/2025\/12\/theatredesreves_createur_abonnement-300x300.png 300w, https:\/\/www.theatredesreves.com\/wp-content\/uploads\/2025\/12\/theatredesreves_createur_abonnement-150x150.png 150w\" sizes=\"(max-width: 502px) 100vw, 502px\" \/>\t\t\t\t\t\t\t\t\t\t\t\t\t\t\t<\/div>\n\t\t\t\t<div class=\"elementor-element elementor-element-eb0e869 elementor-widget elementor-widget-image-box\" data-id=\"eb0e869\" data-element_type=\"widget\" data-e-type=\"widget\" data-widget_type=\"image-box.default\">\n\t\t\t\t\t<div class=\"elementor-image-box-wrapper\"><div class=\"elementor-image-box-content\"><h4 class=\"elementor-image-box-title\">Cr\u00e9ation<\/h4><p class=\"elementor-image-box-description\">Parfait pour les personnes en qu\u00eate de d\u00e9veloppement\nartistique.<br>\n\u20ac50\/mois<br>Ce qui est inclus :<br>\n. Acc\u00e8s illimit\u00e9 et prioritaire \u00e0 tous les \u00e9v\u00e8nements du th\u00e9\u00e2tre des r\u00eaves<br>\n. R\u00e9duction de 10% sur les ateliers et stages.<br>\n. Espace de cr\u00e9ation artistique d\u00e9di\u00e9.<br>\n. Consultations artistiques personnalis\u00e9es.<br>\n. Acc\u00e8s exclusif aux r\u00e9p\u00e9titions.<br>. Participation \u00e0 la programmation du Th\u00e9\u00e2tre<br>\n. Acc\u00e8s aux contenus priv\u00e9s du site internet<\/p><\/div><\/div>\t\t\t\t<\/div>\n\t\t\t\t<\/div>\n\t\t\t\t<\/div>\n\t\t\t\t<\/div>\n\t\t\t\t<\/div>\n\t\t\t\t\t<\/div>\n\t\t\t\t<\/div>\n\t\t\t\t<\/div>\n\t\t","protected":false},"excerpt":{"rendered":"<p>ABONNEMENTS D\u00e9couverte Id\u00e9al pour les personnes qui souhaitent d\u00e9couvrir diff\u00e9rentes propositions artistiques r\u00e9guli\u00e8rement et au meilleur prix. \u20ac15\/moisCe qui est inclus : Acc\u00e8s \u00e0 1 proposition artistique par mois Passion Con\u00e7u pour les personnes passionn\u00e9es de culture qui souhaitent s&rsquo;immerger davantage dans les arts. \u20ac30\/mois Ce qui est inclus : . Acc\u00e8s \u00e0 chaque spectacle, [&hellip;]<\/p>\n","protected":false},"author":1,"featured_media":0,"parent":0,"menu_order":0,"comment_status":"closed","ping_status":"closed","template":"","meta":{"footnotes":""},"class_list":["post-1599","page","type-page","status-publish","hentry"],"_links":{"self":[{"href":"https:\/\/www.theatredesreves.com\/index.php?rest_route=\/wp\/v2\/pages\/1599","targetHints":{"allow":["GET"]}}],"collection":[{"href":"https:\/\/www.theatredesreves.com\/index.php?rest_route=\/wp\/v2\/pages"}],"about":[{"href":"https:\/\/www.theatredesreves.com\/index.php?rest_route=\/wp\/v2\/types\/page"}],"author":[{"embeddable":true,"href":"https:\/\/www.theatredesreves.com\/index.php?rest_route=\/wp\/v2\/users\/1"}],"replies":[{"embeddable":true,"href":"https:\/\/www.theatredesreves.com\/index.php?rest_route=%2Fwp%2Fv2%2Fcomments&post=1599"}],"version-history":[{"count":22,"href":"https:\/\/www.theatredesreves.com\/index.php?rest_route=\/wp\/v2\/pages\/1599\/revisions"}],"predecessor-version":[{"id":2687,"href":"https:\/\/www.theatredesreves.com\/index.php?rest_route=\/wp\/v2\/pages\/1599\/revisions\/2687"}],"wp:attachment":[{"href":"https:\/\/www.theatredesreves.com\/index.php?rest_route=%2Fwp%2Fv2%2Fmedia&parent=1599"}],"curies":[{"name":"wp","href":"https:\/\/api.w.org\/{rel}","templated":true}]}}